{"id":24,"date":"2020-09-27T21:58:17","date_gmt":"2020-09-27T21:58:17","guid":{"rendered":"https:\/\/newsroom.wordifysites.com\/?page_id=24"},"modified":"2024-07-23T20:15:47","modified_gmt":"2024-07-23T20:15:47","slug":"sobre-nosotros","status":"publish","type":"page","link":"https:\/\/latamreports.com\/es\/sobre-nosotros\/","title":{"rendered":"Sobre Nosotros"},"content":{"rendered":"<div class=\"gb-container gb-container-fe0a699e\">\n<div class=\"gb-grid-wrapper gb-grid-wrapper-b7f284bf\">\n<div class=\"gb-grid-column gb-grid-column-cbdc500d\"><div class=\"gb-container gb-container-cbdc500d\">\n\n<figure class=\"wp-block-image size-large\"><img loading=\"lazy\" decoding=\"async\" width=\"1024\" height=\"683\" src=\"https:\/\/gpsites.co\/newsroom\/wp-content\/uploads\/sites\/126\/2020\/09\/background_home-1024x683.jpg\" alt=\"Home background image\" class=\"wp-image-257\" srcset=\"https:\/\/latamreports.com\/es\/wp-content\/uploads\/2020\/09\/background_home-1024x683.jpg 1024w, https:\/\/latamreports.com\/es\/wp-content\/uploads\/2020\/09\/background_home-300x200.jpg 300w, https:\/\/latamreports.com\/es\/wp-content\/uploads\/2020\/09\/background_home-768x512.jpg 768w, https:\/\/latamreports.com\/es\/wp-content\/uploads\/2020\/09\/background_home-1536x1024.jpg 1536w, https:\/\/latamreports.com\/es\/wp-content\/uploads\/2020\/09\/background_home.jpg 1920w\" sizes=\"auto, (max-width: 1024px) 100vw, 1024px\" \/><\/figure>\n\n<\/div><\/div>\n\n<div class=\"gb-grid-column gb-grid-column-a9d15aad\"><div class=\"gb-container gb-container-a9d15aad\">\n\n<figure class=\"wp-block-image size-large\"><img loading=\"lazy\" decoding=\"async\" width=\"1024\" height=\"683\" src=\"https:\/\/gpsites.co\/newsroom\/wp-content\/uploads\/sites\/126\/2020\/09\/laptop-1024x683.jpg\" alt=\"Laptop\" class=\"wp-image-267\" srcset=\"https:\/\/latamreports.com\/es\/wp-content\/uploads\/2020\/09\/laptop-1024x683.jpg 1024w, https:\/\/latamreports.com\/es\/wp-content\/uploads\/2020\/09\/laptop-300x200.jpg 300w, https:\/\/latamreports.com\/es\/wp-content\/uploads\/2020\/09\/laptop-768x512.jpg 768w, https:\/\/latamreports.com\/es\/wp-content\/uploads\/2020\/09\/laptop.jpg 1240w\" sizes=\"auto, (max-width: 1024px) 100vw, 1024px\" \/><\/figure>\n\n<\/div><\/div>\n<\/div>\n<\/div>\n\n<div class=\"gb-container gb-container-68c49ee0\">\n<div class=\"gb-container gb-container-bca1694a\">\n\n<p class=\"gb-headline gb-headline-10538097 gb-headline-text\">La inmensidad y la vitalidad de Am\u00e9rica Latina son demasiado grandes para que la mente las comprenda por completo. Tambi\u00e9n representa un gran desaf\u00edo para que una sola plataforma de noticias cubra la regi\u00f3n de manera integral. LatAm Reports fue fundada con base en este desaf\u00edo, con la misi\u00f3n de seleccionar, curar, traducir e informar sobre las tendencias m\u00e1s interesantes y urgentes que ocurren en toda la regi\u00f3n. Nuestra publicaci\u00f3n sirve a m\u00faltiples audiencias, desde investigadores de mercado en Wall Street hasta lectores casuales en las calles de San Salvador, Bogot\u00e1 y R\u00edo de Janeiro, por nombrar algunos.<\/p>\n\n<\/div>\n<\/div>\n\n\n<p>Despu\u00e9s de lanzarse a principios de este a\u00f1o como un proyecto piloto de medios, Latam Reports se enorgullece en anunciar que, el 22 de mayo de 2024, aseguramos exitosamente un nuevo financiamiento que nos permite expandir el alcance de la plataforma a nuevos mercados, incluyendo el lanzamiento de las versiones en espa\u00f1ol y portugu\u00e9s de la p\u00e1gina web.<\/p>\n\n\n\n<p>Junto con el nuevo financiamiento, estamos actualizando nuestro modelo de publicaci\u00f3n para proporcionar un lugar seguro para que los periodistas y colaboradores contin\u00faen trabajando sin miedo ni favoritismo. Seg\u00fan estudios realizados por el Comit\u00e9 para la Protecci\u00f3n de los Periodistas, con sede en Nueva York, en los \u00faltimos a\u00f1os, Am\u00e9rica Latina ha sido el lugar m\u00e1s peligroso del mundo para los periodistas, con 30 periodistas asesinados en 2022 y muchos m\u00e1s atacados y amenazados violentamente, lo que representa un aumento del 50% respecto al a\u00f1o anterior.<\/p>\n\n\n\n<p>Estamos comprometidos a apoyar la libertad de prensa en toda la regi\u00f3n, sin embargo, en un entorno tan peligroso, hemos optado por proteger a nuestros periodistas y sus fuentes por su propia seguridad. Como una organizaci\u00f3n de medios m\u00e1s peque\u00f1a, carecemos de los recursos para proporcionar seguridad en el exilio, defendernos contra ataques legales infundados o implementar medidas de seguridad f\u00edsica en nuestras oficinas. Por lo tanto, al estilo del peri\u00f3dico brit\u00e1nico The Economist, publicamos nuestras noticias con confianza e integridad bajo el lema de la publicaci\u00f3n sin atribuciones personales. Respaldamos nuestros reportajes y fomentamos un compromiso robusto con nuestros lectores, y damos la bienvenida a cualquier comentario o pregunta que se refiera a nuestra p\u00e1gina de contacto para una respuesta r\u00e1pida.<\/p>\n\n\n\n<p><\/p>\n","protected":false},"excerpt":{"rendered":"<p>La inmensidad y la vitalidad de Am\u00e9rica Latina son demasiado grandes para que la mente las comprenda por completo. Tambi\u00e9n representa un gran desaf\u00edo para &#8230; <a title=\"Sobre Nosotros\" class=\"read-more\" href=\"https:\/\/latamreports.com\/es\/sobre-nosotros\/\" aria-label=\"Read more about Sobre Nosotros\">Read more<\/a><\/p>\n","protected":false},"author":7,"featured_media":0,"parent":0,"menu_order":0,"comment_status":"closed","ping_status":"closed","template":"","meta":{"footnotes":""},"class_list":["post-24","page","type-page","status-publish"],"yoast_head":"<!-- This site is optimized with the Yoast SEO plugin v27.5 - https:\/\/yoast.com\/product\/yoast-seo-wordpress\/ -->\n<title>Sobre Nosotros - LatAm Reports<\/title>\n<meta name=\"robots\" content=\"index, follow, max-snippet:-1, max-image-preview:large, max-video-preview:-1\" \/>\n<link rel=\"canonical\" href=\"https:\/\/latamreports.com\/es\/sobre-nosotros\/\" \/>\n<meta property=\"og:locale\" content=\"en_US\" \/>\n<meta property=\"og:type\" content=\"article\" \/>\n<meta property=\"og:title\" content=\"Sobre Nosotros - LatAm Reports\" \/>\n<meta property=\"og:description\" content=\"La inmensidad y la vitalidad de Am\u00e9rica Latina son demasiado grandes para que la mente las comprenda por completo. Tambi\u00e9n representa un gran desaf\u00edo para ... Read more\" \/>\n<meta property=\"og:url\" content=\"https:\/\/latamreports.com\/es\/sobre-nosotros\/\" \/>\n<meta property=\"og:site_name\" content=\"LatAm Reports\" \/>\n<meta property=\"article:publisher\" content=\"https:\/\/facebook.com\/latamreports\" \/>\n<meta property=\"article:modified_time\" content=\"2024-07-23T20:15:47+00:00\" \/>\n<meta property=\"og:image\" content=\"https:\/\/gpsites.co\/newsroom\/wp-content\/uploads\/sites\/126\/2020\/09\/background_home-1024x683.jpg\" \/>\n<meta name=\"twitter:card\" content=\"summary_large_image\" \/>\n<meta name=\"twitter:site\" content=\"@latamreports\" \/>\n<meta name=\"twitter:label1\" content=\"Est. reading time\" \/>\n\t<meta name=\"twitter:data1\" content=\"2 minutes\" \/>\n<script type=\"application\/ld+json\" class=\"yoast-schema-graph\">{\"@context\":\"https:\\\/\\\/schema.org\",\"@graph\":[{\"@type\":\"WebPage\",\"@id\":\"https:\\\/\\\/latamreports.com\\\/es\\\/sobre-nosotros\\\/\",\"url\":\"https:\\\/\\\/latamreports.com\\\/es\\\/sobre-nosotros\\\/\",\"name\":\"Sobre Nosotros - LatAm Reports\",\"isPartOf\":{\"@id\":\"https:\\\/\\\/latamreports.com\\\/es\\\/#website\"},\"primaryImageOfPage\":{\"@id\":\"https:\\\/\\\/latamreports.com\\\/es\\\/sobre-nosotros\\\/#primaryimage\"},\"image\":{\"@id\":\"https:\\\/\\\/latamreports.com\\\/es\\\/sobre-nosotros\\\/#primaryimage\"},\"thumbnailUrl\":\"https:\\\/\\\/gpsites.co\\\/newsroom\\\/wp-content\\\/uploads\\\/sites\\\/126\\\/2020\\\/09\\\/background_home-1024x683.jpg\",\"datePublished\":\"2020-09-27T21:58:17+00:00\",\"dateModified\":\"2024-07-23T20:15:47+00:00\",\"breadcrumb\":{\"@id\":\"https:\\\/\\\/latamreports.com\\\/es\\\/sobre-nosotros\\\/#breadcrumb\"},\"inLanguage\":\"en-US\",\"potentialAction\":[{\"@type\":\"ReadAction\",\"target\":[\"https:\\\/\\\/latamreports.com\\\/es\\\/sobre-nosotros\\\/\"]}]},{\"@type\":\"ImageObject\",\"inLanguage\":\"en-US\",\"@id\":\"https:\\\/\\\/latamreports.com\\\/es\\\/sobre-nosotros\\\/#primaryimage\",\"url\":\"https:\\\/\\\/gpsites.co\\\/newsroom\\\/wp-content\\\/uploads\\\/sites\\\/126\\\/2020\\\/09\\\/background_home-1024x683.jpg\",\"contentUrl\":\"https:\\\/\\\/gpsites.co\\\/newsroom\\\/wp-content\\\/uploads\\\/sites\\\/126\\\/2020\\\/09\\\/background_home-1024x683.jpg\"},{\"@type\":\"BreadcrumbList\",\"@id\":\"https:\\\/\\\/latamreports.com\\\/es\\\/sobre-nosotros\\\/#breadcrumb\",\"itemListElement\":[{\"@type\":\"ListItem\",\"position\":1,\"name\":\"Home\",\"item\":\"https:\\\/\\\/latamreports.com\\\/es\\\/\"},{\"@type\":\"ListItem\",\"position\":2,\"name\":\"Sobre Nosotros\"}]},{\"@type\":\"WebSite\",\"@id\":\"https:\\\/\\\/latamreports.com\\\/es\\\/#website\",\"url\":\"https:\\\/\\\/latamreports.com\\\/es\\\/\",\"name\":\"LatAm Reports\",\"description\":\"Breaking News in Central &amp; Latin America\",\"publisher\":{\"@id\":\"https:\\\/\\\/latamreports.com\\\/es\\\/#organization\"},\"potentialAction\":[{\"@type\":\"SearchAction\",\"target\":{\"@type\":\"EntryPoint\",\"urlTemplate\":\"https:\\\/\\\/latamreports.com\\\/es\\\/?s={search_term_string}\"},\"query-input\":{\"@type\":\"PropertyValueSpecification\",\"valueRequired\":true,\"valueName\":\"search_term_string\"}}],\"inLanguage\":\"en-US\"},{\"@type\":\"Organization\",\"@id\":\"https:\\\/\\\/latamreports.com\\\/es\\\/#organization\",\"name\":\"LatAm Reports\",\"url\":\"https:\\\/\\\/latamreports.com\\\/es\\\/\",\"logo\":{\"@type\":\"ImageObject\",\"inLanguage\":\"en-US\",\"@id\":\"https:\\\/\\\/latamreports.com\\\/es\\\/#\\\/schema\\\/logo\\\/image\\\/\",\"url\":\"https:\\\/\\\/latamreports.com\\\/es\\\/wp-content\\\/uploads\\\/cropped-PNG2.png\",\"contentUrl\":\"https:\\\/\\\/latamreports.com\\\/es\\\/wp-content\\\/uploads\\\/cropped-PNG2.png\",\"width\":2522,\"height\":1014,\"caption\":\"LatAm Reports\"},\"image\":{\"@id\":\"https:\\\/\\\/latamreports.com\\\/es\\\/#\\\/schema\\\/logo\\\/image\\\/\"},\"sameAs\":[\"https:\\\/\\\/facebook.com\\\/latamreports\",\"https:\\\/\\\/x.com\\\/latamreports\"]}]}<\/script>\n<!-- \/ Yoast SEO plugin. -->","yoast_head_json":{"title":"Sobre Nosotros - LatAm Reports","robots":{"index":"index","follow":"follow","max-snippet":"max-snippet:-1","max-image-preview":"max-image-preview:large","max-video-preview":"max-video-preview:-1"},"canonical":"https:\/\/latamreports.com\/es\/sobre-nosotros\/","og_locale":"en_US","og_type":"article","og_title":"Sobre Nosotros - LatAm Reports","og_description":"La inmensidad y la vitalidad de Am\u00e9rica Latina son demasiado grandes para que la mente las comprenda por completo. Tambi\u00e9n representa un gran desaf\u00edo para ... Read more","og_url":"https:\/\/latamreports.com\/es\/sobre-nosotros\/","og_site_name":"LatAm Reports","article_publisher":"https:\/\/facebook.com\/latamreports","article_modified_time":"2024-07-23T20:15:47+00:00","og_image":[{"url":"https:\/\/gpsites.co\/newsroom\/wp-content\/uploads\/sites\/126\/2020\/09\/background_home-1024x683.jpg","type":"","width":"","height":""}],"twitter_card":"summary_large_image","twitter_site":"@latamreports","twitter_misc":{"Est. reading time":"2 minutes"},"schema":{"@context":"https:\/\/schema.org","@graph":[{"@type":"WebPage","@id":"https:\/\/latamreports.com\/es\/sobre-nosotros\/","url":"https:\/\/latamreports.com\/es\/sobre-nosotros\/","name":"Sobre Nosotros - LatAm Reports","isPartOf":{"@id":"https:\/\/latamreports.com\/es\/#website"},"primaryImageOfPage":{"@id":"https:\/\/latamreports.com\/es\/sobre-nosotros\/#primaryimage"},"image":{"@id":"https:\/\/latamreports.com\/es\/sobre-nosotros\/#primaryimage"},"thumbnailUrl":"https:\/\/gpsites.co\/newsroom\/wp-content\/uploads\/sites\/126\/2020\/09\/background_home-1024x683.jpg","datePublished":"2020-09-27T21:58:17+00:00","dateModified":"2024-07-23T20:15:47+00:00","breadcrumb":{"@id":"https:\/\/latamreports.com\/es\/sobre-nosotros\/#breadcrumb"},"inLanguage":"en-US","potentialAction":[{"@type":"ReadAction","target":["https:\/\/latamreports.com\/es\/sobre-nosotros\/"]}]},{"@type":"ImageObject","inLanguage":"en-US","@id":"https:\/\/latamreports.com\/es\/sobre-nosotros\/#primaryimage","url":"https:\/\/gpsites.co\/newsroom\/wp-content\/uploads\/sites\/126\/2020\/09\/background_home-1024x683.jpg","contentUrl":"https:\/\/gpsites.co\/newsroom\/wp-content\/uploads\/sites\/126\/2020\/09\/background_home-1024x683.jpg"},{"@type":"BreadcrumbList","@id":"https:\/\/latamreports.com\/es\/sobre-nosotros\/#breadcrumb","itemListElement":[{"@type":"ListItem","position":1,"name":"Home","item":"https:\/\/latamreports.com\/es\/"},{"@type":"ListItem","position":2,"name":"Sobre Nosotros"}]},{"@type":"WebSite","@id":"https:\/\/latamreports.com\/es\/#website","url":"https:\/\/latamreports.com\/es\/","name":"LatAm Reports","description":"Breaking News in Central &amp; Latin America","publisher":{"@id":"https:\/\/latamreports.com\/es\/#organization"},"potentialAction":[{"@type":"SearchAction","target":{"@type":"EntryPoint","urlTemplate":"https:\/\/latamreports.com\/es\/?s={search_term_string}"},"query-input":{"@type":"PropertyValueSpecification","valueRequired":true,"valueName":"search_term_string"}}],"inLanguage":"en-US"},{"@type":"Organization","@id":"https:\/\/latamreports.com\/es\/#organization","name":"LatAm Reports","url":"https:\/\/latamreports.com\/es\/","logo":{"@type":"ImageObject","inLanguage":"en-US","@id":"https:\/\/latamreports.com\/es\/#\/schema\/logo\/image\/","url":"https:\/\/latamreports.com\/es\/wp-content\/uploads\/cropped-PNG2.png","contentUrl":"https:\/\/latamreports.com\/es\/wp-content\/uploads\/cropped-PNG2.png","width":2522,"height":1014,"caption":"LatAm Reports"},"image":{"@id":"https:\/\/latamreports.com\/es\/#\/schema\/logo\/image\/"},"sameAs":["https:\/\/facebook.com\/latamreports","https:\/\/x.com\/latamreports"]}]}},"_links":{"self":[{"href":"https:\/\/latamreports.com\/es\/wp-json\/wp\/v2\/pages\/24","targetHints":{"allow":["GET"]}}],"collection":[{"href":"https:\/\/latamreports.com\/es\/wp-json\/wp\/v2\/pages"}],"about":[{"href":"https:\/\/latamreports.com\/es\/wp-json\/wp\/v2\/types\/page"}],"author":[{"embeddable":true,"href":"https:\/\/latamreports.com\/es\/wp-json\/wp\/v2\/users\/7"}],"replies":[{"embeddable":true,"href":"https:\/\/latamreports.com\/es\/wp-json\/wp\/v2\/comments?post=24"}],"version-history":[{"count":6,"href":"https:\/\/latamreports.com\/es\/wp-json\/wp\/v2\/pages\/24\/revisions"}],"predecessor-version":[{"id":6138,"href":"https:\/\/latamreports.com\/es\/wp-json\/wp\/v2\/pages\/24\/revisions\/6138"}],"wp:attachment":[{"href":"https:\/\/latamreports.com\/es\/wp-json\/wp\/v2\/media?parent=24"}],"curies":[{"name":"wp","href":"https:\/\/api.w.org\/{rel}","templated":true}]}}