{"id":24,"date":"2020-09-27T21:58:17","date_gmt":"2020-09-27T21:58:17","guid":{"rendered":"https:\/\/newsroom.wordifysites.com\/?page_id=24"},"modified":"2024-06-11T15:10:18","modified_gmt":"2024-06-11T15:10:18","slug":"sobre-nos-nossa-historia","status":"publish","type":"page","link":"https:\/\/latamreports.com\/br\/sobre-nos-nossa-historia\/","title":{"rendered":"SOBRE N\u00d3S"},"content":{"rendered":"<div class=\"gb-container gb-container-fe0a699e\">\n<div class=\"gb-grid-wrapper gb-grid-wrapper-b7f284bf\">\n<div class=\"gb-grid-column gb-grid-column-cbdc500d\"><div class=\"gb-container gb-container-cbdc500d\">\n\n<figure class=\"wp-block-image size-large\"><img loading=\"lazy\" decoding=\"async\" width=\"1024\" height=\"683\" src=\"https:\/\/gpsites.co\/newsroom\/wp-content\/uploads\/sites\/126\/2020\/09\/background_home-1024x683.jpg\" alt=\"Home background image\" class=\"wp-image-257\" srcset=\"https:\/\/latamreports.com\/br\/wp-content\/uploads\/2020\/09\/background_home-1024x683.jpg 1024w, https:\/\/latamreports.com\/br\/wp-content\/uploads\/2020\/09\/background_home-300x200.jpg 300w, https:\/\/latamreports.com\/br\/wp-content\/uploads\/2020\/09\/background_home-768x512.jpg 768w, https:\/\/latamreports.com\/br\/wp-content\/uploads\/2020\/09\/background_home-1536x1024.jpg 1536w, https:\/\/latamreports.com\/br\/wp-content\/uploads\/2020\/09\/background_home.jpg 1920w\" sizes=\"auto, (max-width: 1024px) 100vw, 1024px\" \/><\/figure>\n\n<\/div><\/div>\n\n<div class=\"gb-grid-column gb-grid-column-a9d15aad\"><div class=\"gb-container gb-container-a9d15aad\">\n\n<figure class=\"wp-block-image size-large\"><img loading=\"lazy\" decoding=\"async\" width=\"1024\" height=\"683\" src=\"https:\/\/gpsites.co\/newsroom\/wp-content\/uploads\/sites\/126\/2020\/09\/laptop-1024x683.jpg\" alt=\"Laptop\" class=\"wp-image-267\" srcset=\"https:\/\/latamreports.com\/br\/wp-content\/uploads\/2020\/09\/laptop-1024x683.jpg 1024w, https:\/\/latamreports.com\/br\/wp-content\/uploads\/2020\/09\/laptop-300x200.jpg 300w, https:\/\/latamreports.com\/br\/wp-content\/uploads\/2020\/09\/laptop-768x512.jpg 768w, https:\/\/latamreports.com\/br\/wp-content\/uploads\/2020\/09\/laptop.jpg 1240w\" sizes=\"auto, (max-width: 1024px) 100vw, 1024px\" \/><\/figure>\n\n<\/div><\/div>\n<\/div>\n<\/div>\n\n<div class=\"gb-container gb-container-68c49ee0\">\n<div class=\"gb-container gb-container-bca1694a\">\n\n<p class=\"gb-headline gb-headline-10538097 gb-headline-text\">A Am\u00e9rica Latina \u00e9 um continente de propor\u00e7\u00f5es grandiosas e riqueza cultural incompar\u00e1vel! Capturar toda a sua diversidade e vitalidade \u00e9 um desafio grandioso para qualquer plataforma de not\u00edcias. E \u00e9 exatamente nesse cen\u00e1rio desafiador que o LatAm Reports se destaca, comprometido em selecionar, analisar e relatar as tend\u00eancias mais relevantes e urgentes que existem e afetam o territ\u00f3rio.<\/p>\n\n<\/div>\n<\/div>\n\n\n<p>Nosso objetivo vai al\u00e9m de simplesmente informar; queremos proporcionar uma vis\u00e3o aut\u00eantica e aprofundada da Am\u00e9rica Latina, alcan\u00e7ando diversos p\u00fablicos, que possam vir das mais diversas origens, etnias e escolaridade.<\/p>\n\n\n\n<p>Nosso compromisso \u00e9 trazer contexto e perspectiva para os acontecimentos, auxiliando os leitores a compreenderem melhor a complexidade dessa regi\u00e3o fascinante.<br>Ap\u00f3s um per\u00edodo inicial como projeto-piloto, temos o prazer de anunciar que, gra\u00e7as a um novo financiamento obtido em 22 de maio de 2024, estamos expandindo nossas opera\u00e7\u00f5es para novos mercados, como o Brasil. Al\u00e9m disso, estamos lan\u00e7ando vers\u00f5es em espanhol e portugu\u00eas do nosso site, buscando alcan\u00e7ar um p\u00fablico ainda mais amplo e diversificado.<\/p>\n\n\n\n<p>Nossa expans\u00e3o n\u00e3o se limita apenas ao alcance geogr\u00e1fico. Estamos comprometidos em atualizar nosso modelo de publica\u00e7\u00e3o para garantir um ambiente seguro e acolhedor para nossos rep\u00f3rteres e colaboradores. Reconhecemos os desafios enfrentados pelos jornalistas na Am\u00e9rica Latina e estamos implementando medidas para proteger sua integridade f\u00edsica e profissional.<\/p>\n\n\n\n<p>Valorizamos a liberdade de imprensa como um pilar fundamental da democracia e estamos empenhados em promover um jornalismo \u00e9tico, transparente e respons\u00e1vel. Queremos ser uma voz confi\u00e1vel e respeitada na regi\u00e3o, buscando sempre a verdade e a justi\u00e7a em nossas reportagens.<br><\/p>\n\n\n\n<p>Convidamos<strong> voc\u00ea a fazer parte<\/strong> dessa jornada de descoberta e entendimento da <strong>Am\u00e9rica Latina<\/strong>!<\/p>\n\n\n\n<p>Suas opini\u00f5es e contribui\u00e7\u00f5es s\u00e3o essenciais para enriquecer nosso trabalho e tornar o LatAm Reports uma fonte ainda mais valiosa de informa\u00e7\u00e3o e an\u00e1lise. Estamos sempre dispon\u00edveis para ouvir suas sugest\u00f5es e responder \u00e0s suas perguntas. Juntos, podemos construir um futuro mais informado e conectado para todos.<\/p>\n\n\n\n<p><\/p>\n","protected":false},"excerpt":{"rendered":"<p>A Am\u00e9rica Latina \u00e9 um continente de propor\u00e7\u00f5es grandiosas e riqueza cultural incompar\u00e1vel! Capturar toda a sua diversidade e vitalidade \u00e9 um desafio grandioso para &#8230; <a title=\"SOBRE N\u00d3S\" class=\"read-more\" href=\"https:\/\/latamreports.com\/br\/sobre-nos-nossa-historia\/\" aria-label=\"Read more about SOBRE N\u00d3S\">Read more<\/a><\/p>\n","protected":false},"author":1,"featured_media":0,"parent":0,"menu_order":0,"comment_status":"closed","ping_status":"closed","template":"","meta":{"footnotes":""},"class_list":["post-24","page","type-page","status-publish"],"yoast_head":"<!-- This site is optimized with the Yoast SEO plugin v27.4 - https:\/\/yoast.com\/product\/yoast-seo-wordpress\/ -->\n<title>SOBRE N\u00d3S - LatAm Reports<\/title>\n<meta name=\"robots\" content=\"index, follow, max-snippet:-1, max-image-preview:large, max-video-preview:-1\" \/>\n<link rel=\"canonical\" href=\"https:\/\/latamreports.com\/br\/sobre-nos-nossa-historia\/\" \/>\n<meta property=\"og:locale\" content=\"en_US\" \/>\n<meta property=\"og:type\" content=\"article\" \/>\n<meta property=\"og:title\" content=\"SOBRE N\u00d3S - LatAm Reports\" \/>\n<meta property=\"og:description\" content=\"A Am\u00e9rica Latina \u00e9 um continente de propor\u00e7\u00f5es grandiosas e riqueza cultural incompar\u00e1vel! Capturar toda a sua diversidade e vitalidade \u00e9 um desafio grandioso para ... Read more\" \/>\n<meta property=\"og:url\" content=\"https:\/\/latamreports.com\/br\/sobre-nos-nossa-historia\/\" \/>\n<meta property=\"og:site_name\" content=\"LatAm Reports\" \/>\n<meta property=\"article:publisher\" content=\"https:\/\/facebook.com\/latamreports\" \/>\n<meta property=\"article:modified_time\" content=\"2024-06-11T15:10:18+00:00\" \/>\n<meta property=\"og:image\" content=\"https:\/\/gpsites.co\/newsroom\/wp-content\/uploads\/sites\/126\/2020\/09\/background_home-1024x683.jpg\" \/>\n<meta name=\"twitter:card\" content=\"summary_large_image\" \/>\n<meta name=\"twitter:site\" content=\"@latamreports\" \/>\n<meta name=\"twitter:label1\" content=\"Est. reading time\" \/>\n\t<meta name=\"twitter:data1\" content=\"2 minutes\" \/>\n<script type=\"application\/ld+json\" class=\"yoast-schema-graph\">{\"@context\":\"https:\\\/\\\/schema.org\",\"@graph\":[{\"@type\":\"WebPage\",\"@id\":\"https:\\\/\\\/latamreports.com\\\/br\\\/sobre-nos-nossa-historia\\\/\",\"url\":\"https:\\\/\\\/latamreports.com\\\/br\\\/sobre-nos-nossa-historia\\\/\",\"name\":\"SOBRE N\u00d3S - LatAm Reports\",\"isPartOf\":{\"@id\":\"https:\\\/\\\/latamreports.com\\\/br\\\/#website\"},\"primaryImageOfPage\":{\"@id\":\"https:\\\/\\\/latamreports.com\\\/br\\\/sobre-nos-nossa-historia\\\/#primaryimage\"},\"image\":{\"@id\":\"https:\\\/\\\/latamreports.com\\\/br\\\/sobre-nos-nossa-historia\\\/#primaryimage\"},\"thumbnailUrl\":\"https:\\\/\\\/gpsites.co\\\/newsroom\\\/wp-content\\\/uploads\\\/sites\\\/126\\\/2020\\\/09\\\/background_home-1024x683.jpg\",\"datePublished\":\"2020-09-27T21:58:17+00:00\",\"dateModified\":\"2024-06-11T15:10:18+00:00\",\"breadcrumb\":{\"@id\":\"https:\\\/\\\/latamreports.com\\\/br\\\/sobre-nos-nossa-historia\\\/#breadcrumb\"},\"inLanguage\":\"en-US\",\"potentialAction\":[{\"@type\":\"ReadAction\",\"target\":[\"https:\\\/\\\/latamreports.com\\\/br\\\/sobre-nos-nossa-historia\\\/\"]}]},{\"@type\":\"ImageObject\",\"inLanguage\":\"en-US\",\"@id\":\"https:\\\/\\\/latamreports.com\\\/br\\\/sobre-nos-nossa-historia\\\/#primaryimage\",\"url\":\"https:\\\/\\\/gpsites.co\\\/newsroom\\\/wp-content\\\/uploads\\\/sites\\\/126\\\/2020\\\/09\\\/background_home-1024x683.jpg\",\"contentUrl\":\"https:\\\/\\\/gpsites.co\\\/newsroom\\\/wp-content\\\/uploads\\\/sites\\\/126\\\/2020\\\/09\\\/background_home-1024x683.jpg\"},{\"@type\":\"BreadcrumbList\",\"@id\":\"https:\\\/\\\/latamreports.com\\\/br\\\/sobre-nos-nossa-historia\\\/#breadcrumb\",\"itemListElement\":[{\"@type\":\"ListItem\",\"position\":1,\"name\":\"Home\",\"item\":\"https:\\\/\\\/latamreports.com\\\/br\\\/\"},{\"@type\":\"ListItem\",\"position\":2,\"name\":\"SOBRE N\u00d3S\"}]},{\"@type\":\"WebSite\",\"@id\":\"https:\\\/\\\/latamreports.com\\\/br\\\/#website\",\"url\":\"https:\\\/\\\/latamreports.com\\\/br\\\/\",\"name\":\"LatAm Reports\",\"description\":\"Not\u00edcias e opini\u00f5es de todas as Am\u00e9ricas\",\"publisher\":{\"@id\":\"https:\\\/\\\/latamreports.com\\\/br\\\/#organization\"},\"potentialAction\":[{\"@type\":\"SearchAction\",\"target\":{\"@type\":\"EntryPoint\",\"urlTemplate\":\"https:\\\/\\\/latamreports.com\\\/br\\\/?s={search_term_string}\"},\"query-input\":{\"@type\":\"PropertyValueSpecification\",\"valueRequired\":true,\"valueName\":\"search_term_string\"}}],\"inLanguage\":\"en-US\"},{\"@type\":\"Organization\",\"@id\":\"https:\\\/\\\/latamreports.com\\\/br\\\/#organization\",\"name\":\"LatAm Reports\",\"url\":\"https:\\\/\\\/latamreports.com\\\/br\\\/\",\"logo\":{\"@type\":\"ImageObject\",\"inLanguage\":\"en-US\",\"@id\":\"https:\\\/\\\/latamreports.com\\\/br\\\/#\\\/schema\\\/logo\\\/image\\\/\",\"url\":\"https:\\\/\\\/latamreports.com\\\/br\\\/wp-content\\\/uploads\\\/cropped-PNG2.png\",\"contentUrl\":\"https:\\\/\\\/latamreports.com\\\/br\\\/wp-content\\\/uploads\\\/cropped-PNG2.png\",\"width\":2522,\"height\":1014,\"caption\":\"LatAm Reports\"},\"image\":{\"@id\":\"https:\\\/\\\/latamreports.com\\\/br\\\/#\\\/schema\\\/logo\\\/image\\\/\"},\"sameAs\":[\"https:\\\/\\\/facebook.com\\\/latamreports\",\"https:\\\/\\\/x.com\\\/latamreports\"]}]}<\/script>\n<!-- \/ Yoast SEO plugin. -->","yoast_head_json":{"title":"SOBRE N\u00d3S - LatAm Reports","robots":{"index":"index","follow":"follow","max-snippet":"max-snippet:-1","max-image-preview":"max-image-preview:large","max-video-preview":"max-video-preview:-1"},"canonical":"https:\/\/latamreports.com\/br\/sobre-nos-nossa-historia\/","og_locale":"en_US","og_type":"article","og_title":"SOBRE N\u00d3S - LatAm Reports","og_description":"A Am\u00e9rica Latina \u00e9 um continente de propor\u00e7\u00f5es grandiosas e riqueza cultural incompar\u00e1vel! Capturar toda a sua diversidade e vitalidade \u00e9 um desafio grandioso para ... Read more","og_url":"https:\/\/latamreports.com\/br\/sobre-nos-nossa-historia\/","og_site_name":"LatAm Reports","article_publisher":"https:\/\/facebook.com\/latamreports","article_modified_time":"2024-06-11T15:10:18+00:00","og_image":[{"url":"https:\/\/gpsites.co\/newsroom\/wp-content\/uploads\/sites\/126\/2020\/09\/background_home-1024x683.jpg","type":"","width":"","height":""}],"twitter_card":"summary_large_image","twitter_site":"@latamreports","twitter_misc":{"Est. reading time":"2 minutes"},"schema":{"@context":"https:\/\/schema.org","@graph":[{"@type":"WebPage","@id":"https:\/\/latamreports.com\/br\/sobre-nos-nossa-historia\/","url":"https:\/\/latamreports.com\/br\/sobre-nos-nossa-historia\/","name":"SOBRE N\u00d3S - LatAm Reports","isPartOf":{"@id":"https:\/\/latamreports.com\/br\/#website"},"primaryImageOfPage":{"@id":"https:\/\/latamreports.com\/br\/sobre-nos-nossa-historia\/#primaryimage"},"image":{"@id":"https:\/\/latamreports.com\/br\/sobre-nos-nossa-historia\/#primaryimage"},"thumbnailUrl":"https:\/\/gpsites.co\/newsroom\/wp-content\/uploads\/sites\/126\/2020\/09\/background_home-1024x683.jpg","datePublished":"2020-09-27T21:58:17+00:00","dateModified":"2024-06-11T15:10:18+00:00","breadcrumb":{"@id":"https:\/\/latamreports.com\/br\/sobre-nos-nossa-historia\/#breadcrumb"},"inLanguage":"en-US","potentialAction":[{"@type":"ReadAction","target":["https:\/\/latamreports.com\/br\/sobre-nos-nossa-historia\/"]}]},{"@type":"ImageObject","inLanguage":"en-US","@id":"https:\/\/latamreports.com\/br\/sobre-nos-nossa-historia\/#primaryimage","url":"https:\/\/gpsites.co\/newsroom\/wp-content\/uploads\/sites\/126\/2020\/09\/background_home-1024x683.jpg","contentUrl":"https:\/\/gpsites.co\/newsroom\/wp-content\/uploads\/sites\/126\/2020\/09\/background_home-1024x683.jpg"},{"@type":"BreadcrumbList","@id":"https:\/\/latamreports.com\/br\/sobre-nos-nossa-historia\/#breadcrumb","itemListElement":[{"@type":"ListItem","position":1,"name":"Home","item":"https:\/\/latamreports.com\/br\/"},{"@type":"ListItem","position":2,"name":"SOBRE N\u00d3S"}]},{"@type":"WebSite","@id":"https:\/\/latamreports.com\/br\/#website","url":"https:\/\/latamreports.com\/br\/","name":"LatAm Reports","description":"Not\u00edcias e opini\u00f5es de todas as Am\u00e9ricas","publisher":{"@id":"https:\/\/latamreports.com\/br\/#organization"},"potentialAction":[{"@type":"SearchAction","target":{"@type":"EntryPoint","urlTemplate":"https:\/\/latamreports.com\/br\/?s={search_term_string}"},"query-input":{"@type":"PropertyValueSpecification","valueRequired":true,"valueName":"search_term_string"}}],"inLanguage":"en-US"},{"@type":"Organization","@id":"https:\/\/latamreports.com\/br\/#organization","name":"LatAm Reports","url":"https:\/\/latamreports.com\/br\/","logo":{"@type":"ImageObject","inLanguage":"en-US","@id":"https:\/\/latamreports.com\/br\/#\/schema\/logo\/image\/","url":"https:\/\/latamreports.com\/br\/wp-content\/uploads\/cropped-PNG2.png","contentUrl":"https:\/\/latamreports.com\/br\/wp-content\/uploads\/cropped-PNG2.png","width":2522,"height":1014,"caption":"LatAm Reports"},"image":{"@id":"https:\/\/latamreports.com\/br\/#\/schema\/logo\/image\/"},"sameAs":["https:\/\/facebook.com\/latamreports","https:\/\/x.com\/latamreports"]}]}},"_links":{"self":[{"href":"https:\/\/latamreports.com\/br\/wp-json\/wp\/v2\/pages\/24","targetHints":{"allow":["GET"]}}],"collection":[{"href":"https:\/\/latamreports.com\/br\/wp-json\/wp\/v2\/pages"}],"about":[{"href":"https:\/\/latamreports.com\/br\/wp-json\/wp\/v2\/types\/page"}],"author":[{"embeddable":true,"href":"https:\/\/latamreports.com\/br\/wp-json\/wp\/v2\/users\/1"}],"replies":[{"embeddable":true,"href":"https:\/\/latamreports.com\/br\/wp-json\/wp\/v2\/comments?post=24"}],"version-history":[{"count":7,"href":"https:\/\/latamreports.com\/br\/wp-json\/wp\/v2\/pages\/24\/revisions"}],"predecessor-version":[{"id":5772,"href":"https:\/\/latamreports.com\/br\/wp-json\/wp\/v2\/pages\/24\/revisions\/5772"}],"wp:attachment":[{"href":"https:\/\/latamreports.com\/br\/wp-json\/wp\/v2\/media?parent=24"}],"curies":[{"name":"wp","href":"https:\/\/api.w.org\/{rel}","templated":true}]}}